{"id":232,"date":"2019-08-22T19:05:57","date_gmt":"2019-08-22T17:05:57","guid":{"rendered":"http:\/\/merrypippin.fr\/?page_id=232"},"modified":"2024-07-05T09:08:17","modified_gmt":"2024-07-05T07:08:17","slug":"reservations","status":"publish","type":"page","link":"https:\/\/merrypippin.fr\/?page_id=232","title":{"rendered":"Comment R\u00e9server?"},"content":{"rendered":"\t\t<div data-elementor-type=\"wp-page\" data-elementor-id=\"232\" class=\"elementor elementor-232\">\n\t\t\t\t\t\t<section class=\"elementor-section elementor-top-section elementor-element elementor-element-249ae725 elementor-section-boxed elementor-section-height-default elementor-section-height-default\" data-id=\"249ae725\" data-element_type=\"section\" data-e-type=\"section\">\n\t\t\t\t\t\t<div class=\"elementor-container elementor-column-gap-default\">\n\t\t\t\t\t<div class=\"elementor-column elementor-col-100 elementor-top-column elementor-element elementor-element-77a5477c\" data-id=\"77a5477c\" data-element_type=\"column\" data-e-type=\"column\">\n\t\t\t<div class=\"elementor-widget-wrap elementor-element-populated\">\n\t\t\t\t\t\t<div class=\"elementor-element elementor-element-3ca5cd34 elementor-drop-cap-yes elementor-drop-cap-view-default elementor-invisible elementor-widget elementor-widget-text-editor\" data-id=\"3ca5cd34\" data-element_type=\"widget\" data-e-type=\"widget\" data-settings=\"{&quot;_animation&quot;:&quot;fadeIn&quot;,&quot;drop_cap&quot;:&quot;yes&quot;}\" data-widget_type=\"text-editor.default\">\n\t\t\t\t<div class=\"elementor-widget-container\">\n\t\t\t\t\t\t\t\t\t<p><p class=\"fonts-plugin-block \" style=\"font-family: MedievalSharp;font-size: 26px;line-height: 2.1;text-align: center\"><strong>04-71-09-04-50<\/strong><\/p><\/p>\n<p class=\"has-text-align-center\">Nous ne prenons pas de r\u00e9servations via un autre moyen que ce num\u00e9ro:<\/p>\n<p class=\"has-text-align-center\"><span style=\"font-size: 36pt;\">04-71-09-04-50<\/span><\/p>\n<p>\u00a0<\/p>\n<p><\/p>\n<p class=\"has-text-align-center\">Merci de ne pas laisser de messages<\/p>\n<p><\/p>\n<p><span style=\"text-decoration: underline;\"><em><span style=\"font-size: 24pt;\"><strong>Horaires<\/strong>:<\/span><\/em><\/span><\/p>\n<p><\/p>\n<p>Lundi: 12h00-13h00\/ 19h00-21h30<\/p>\n<p>Mardi: FERME<\/p>\n<p>Mercredi: FERME<\/p>\n<p>Jeudi: 12h00-14h00 \/ 19h00-21h30<\/p>\n<p>Vendredi: 12h00-14h00 \/ 19h00-22h00<\/p>\n<p>Samedi: 12h00-14h00 \/ 19h00-22h00<\/p>\n<p>Dimanche: 12h00-14h00 \/ 19h00-21h30<\/p>\n<p><\/p>\n<p><span style=\"text-decoration: underline;\"><em><span style=\"font-size: 24pt;\"><strong>R\u00e8glements accept\u00e9s<\/strong>:<\/span><\/em><\/span><\/p>\n<p><\/p>\n<p>CB &#8211; Esp\u00e8ces &#8211; ANCV &#8211; Titres Restaurant (Tickets et cartes)- Amex<\/p>\n<p><\/p>\t\t\t\t\t\t\t\t<\/div>\n\t\t\t\t<\/div>\n\t\t\t\t\t<\/div>\n\t\t<\/div>\n\t\t\t\t\t<\/div>\n\t\t<\/section>\n\t\t\t\t<\/div>\n\t\t","protected":false},"excerpt":{"rendered":"<p>Nous ne prenons pas de r\u00e9servations via un autre moyen que ce num\u00e9ro: 04-71-09-04-50 \u00a0 Merci de ne pas laisser de messages Horaires: Lundi: 12h00-13h00\/ 19h00-21h30 Mardi: FERME Mercredi: FERME Jeudi: 12h00-14h00 \/ 19h00-21h30 Vendredi: 12h00-14h00 \/ 19h00-22h00 Samedi: 12h00-14h00 \/ 19h00-22h00 Dimanche: 12h00-14h00 \/ 19h00-21h30 R\u00e8glements accept\u00e9s: CB &#8211; Esp\u00e8ces &#8211; ANCV &#8211; Titres&hellip; <br \/> <a class=\"read-more\" href=\"https:\/\/merrypippin.fr\/?page_id=232\">Lire la suite<\/a><\/p>\n","protected":false},"author":2,"featured_media":0,"parent":0,"menu_order":0,"comment_status":"closed","ping_status":"closed","template":"","meta":{"footnotes":""},"class_list":["post-232","page","type-page","status-publish","hentry"],"_links":{"self":[{"href":"https:\/\/merrypippin.fr\/index.php?rest_route=\/wp\/v2\/pages\/232","targetHints":{"allow":["GET"]}}],"collection":[{"href":"https:\/\/merrypippin.fr\/index.php?rest_route=\/wp\/v2\/pages"}],"about":[{"href":"https:\/\/merrypippin.fr\/index.php?rest_route=\/wp\/v2\/types\/page"}],"author":[{"embeddable":true,"href":"https:\/\/merrypippin.fr\/index.php?rest_route=\/wp\/v2\/users\/2"}],"replies":[{"embeddable":true,"href":"https:\/\/merrypippin.fr\/index.php?rest_route=%2Fwp%2Fv2%2Fcomments&post=232"}],"version-history":[{"count":50,"href":"https:\/\/merrypippin.fr\/index.php?rest_route=\/wp\/v2\/pages\/232\/revisions"}],"predecessor-version":[{"id":768,"href":"https:\/\/merrypippin.fr\/index.php?rest_route=\/wp\/v2\/pages\/232\/revisions\/768"}],"wp:attachment":[{"href":"https:\/\/merrypippin.fr\/index.php?rest_route=%2Fwp%2Fv2%2Fmedia&parent=232"}],"curies":[{"name":"wp","href":"https:\/\/api.w.org\/{rel}","templated":true}]}}